{"id":259,"date":"2015-03-18T19:36:56","date_gmt":"2015-03-18T19:36:56","guid":{"rendered":"http:\/\/www.1000mil.eu\/?page_id=259"},"modified":"2022-02-21T09:20:33","modified_gmt":"2022-02-21T09:20:33","slug":"casova-osa-projektu","status":"publish","type":"page","link":"https:\/\/1000mil.eu\/?page_id=259","title":{"rendered":"Projekt 1000 mil"},"content":{"rendered":"<h3><b>O PROJEKTU 1000 MIL PRO JEDEN C\u00cdL<\/b><\/h3>\n<p>Autorem cel\u00e9 my\u0161lenky je zakl\u00e1daj\u00edc\u00ed \u010dlen SK \u010cSV &amp; spol. z.s., kter\u00e9ho inspiroval p\u0159\u00edb\u011bh z roku 1925 o \u0161tafetov\u00e9m b\u011bhu ps\u00edch sp\u0159e\u017een\u00ed na pomoc od\u0159\u00edznut\u00e9 vesnici na Alja\u0161ce. V\u00a0dne\u0161n\u00ed dob\u011b se n\u00e1s tolik net\u00fdk\u00e1 p\u0159\u00edb\u011bh o nedostatku vakc\u00edn na z\u00e1\u0161krt, ale na\u0161e snaha se up\u00edr\u00e1 sm\u011brem k\u00a0poukazov\u00e1n\u00ed na probl\u00e9m daleko pl\u00ed\u017eiv\u011bj\u0161\u00ed a t\u00edm jsou onkologick\u00e1 onemocn\u011bn\u00ed u d\u011bt\u00ed a ml\u00e1de\u017ee.<\/p>\n<p>Ve spolupr\u00e1ci s\u00a0Nada\u010dn\u00edm fondem d\u011btsk\u00e9 onkologie Krtek se sna\u017e\u00edme roz\u0161\u00ed\u0159it pov\u011bdom\u00ed o \u010dinnosti, kterou tento nada\u010dn\u00ed fond vykon\u00e1v\u00e1 prim\u00e1rn\u011b ve v\u011bci rekondi\u010dn\u00edch pobyt\u016f d\u011btsk\u00fdch pacient\u016f po onkologick\u00e9 l\u00e9\u010db\u011b, vybrat finan\u010dn\u00ed prost\u0159edky na jeho \u010dinnost a pos\u00edlit pocit soun\u00e1le\u017eitosti majitel\u016f ps\u016f, p\u0159edev\u0161\u00edm (ale nejenom) \u010ceskoslovensk\u00fdch vl\u010d\u00e1k\u016f, jejich\u017e hlavn\u00ed vlastnost\u00ed je vytrvalost, rychl\u00e1 regenerace sil a siln\u00fd \u201esme\u010dkov\u00fd\u201c pocit.<\/p>\n<h3><b>\u0160tafeta 1000 mil pro jeden c\u00edl:<\/b><\/h3>\n<p>D\u00e9lka cel\u00e9 \u0161tafety je 1000 mil (cca 1600 km) a tuto tra\u0165 absolvuje a\u017e 80 pos\u00e1dek \u0161tafetov\u00fdm zp\u016fsobem v \u00fasec\u00edch po 40 km \u2013 na jedn\u00e9 trase se tak setkaj\u00ed dva jednotliv\u00e9 teamy tvo\u0159en\u00e9 dvojic\u00ed psovod a\u00a0pes. Jeden team se psem \u010desk\u00e9ho n\u00e1rodn\u00edho plemene (resp. \u010deskoslovensk\u00e9ho), jeden team se psem jin\u00fdch plemen. Ani vo\u0159\u00ed\u0161k\u016fm nen\u00ed u n\u00e1s \u00fa\u010dast zak\u00e1z\u00e1na, ba naopak.\u00a0<\/p>\n<p>Psovod absolvuje trasu na kole nebo kolob\u011b\u017ece, p\u0159\u00edpadn\u011b b\u011bhem. Trasy vedou po zna\u010den\u00fdch cyklotras\u00e1ch, eventu\u00e1ln\u011b po turistick\u00fdch tras\u00e1ch a silnic\u00edch ni\u017e\u0161\u00edch t\u0159\u00edd.<\/p>\n<p>Rozd\u011blen\u00ed \u0161tafety do 40 kilometru dlouh\u00fdch \u00faseku nen\u00ed n\u00e1hodn\u00e9, je postaven\u00e9 na zkou\u0161ce vytrvalosti ZVP1, kterou psi b\u011b\u017en\u011b absolvuj\u00ed. Na Slovensku je tato zkou\u0161ka pro \u010deskoslovensk\u00e9 vl\u010d\u00e1ky povinn\u00e1. Pes dok\u00e1\u017ee tuto vzd\u00e1lenost zab\u011bhnout za 3-4 hodiny. V\u00a0na\u0161em p\u0159\u00edpad\u011b m\u00e1 team v\u011bt\u0161inou 5 hodin na absolvov\u00e1n\u00ed etapy. T\u00edm zp\u016fsobem se m\u016f\u017eou \u00fa\u010dastnit i jedinci \u2013 ps\u00ed nebo lid\u0161t\u00ed \u2013 kte\u0159\u00ed by se jinak k\u00a0vrcholov\u00fdm v\u00fdkon\u016fm t\u011b\u017eko upsali.<\/p>\n<p>\u0160tafeta startuje\u00a0v\u017edy p\u0159edposledn\u00ed sobotu o pr\u00e1zdnin\u00e1ch a prob\u00edh\u00e1 non-stop do posledn\u00ed pr\u00e1zdninov\u00e9 ned\u011ble, kdy kon\u010d\u00ed slavnostn\u00edm zakon\u010den\u00edm v\u00a0ZOO Brno.<\/p>\n<h3><b>Projekt 1000 mil tak v\u00a0sob\u011b sdru\u017euje n\u011bkolik rovin:<\/b><\/h3>\n<ul style=\"list-style-type: circle;\">\n<li>Jedn\u00e1 se o extr\u00e9mn\u00ed kynologickou vytrvalostn\u00ed \u0161tafetu nap\u0159\u00ed\u010d \u010ceskou republikou (\u0161tafeta 1000 mil pro jeden c\u00edl)<\/li>\n<li>V r\u00e1mci akc\u00ed po\u0159\u00e1dan\u00fdch Sportovn\u00edm klubem \u010cSV &amp; spol., z.s. se projekt zam\u011b\u0159uje na propagaci a organizaci z\u00e1vod\u016f kynologick\u00fdch sport\u016f<\/li>\n<li><strong>Umo\u017e\u0148uje jednotlivc\u016fm, ale i firm\u00e1m zapojit se do d\u00e1rcovstv\u00ed a sponzoringu Nada\u010dn\u00edho fondu d\u011btsk\u00e9 onkologie Krtek<\/strong><\/li>\n<li>Pokud v\u00e1s tato mo\u017enost zaujala a cht\u011bli byste se pod\u00edlet, pod\u00edvejte se <a href=\"http:\/\/www.1000mil.eu\/?page_id=10\"><strong>zde<\/strong><\/a><\/li>\n<\/ul>\n<p style=\"text-align: justify;\">\u00a0<\/p>\n<h3>Rok 2022<\/h3>\n<p style=\"text-align: justify;\">V sedm\u00e9m ro\u010dn\u00edku \u0161tafety jsme dok\u00e1zali z\u00edskat od na\u0161ich podporovatel\u016f <strong>158 300,-<\/strong><br \/>\n Byla dosa\u017eena pomysln\u00e1 meta. Celkov\u00e1 \u010d\u00e1stka dos\u00e1hla hodnoty <strong>1 001 300,-<\/strong><br \/>\n Na\u0161i psi dok\u00e1zali z\u00edskat tuto sumu na podporu po\u0159\u00e1d\u00e1n\u00ed d\u011btsk\u00e9ho t\u00e1bora pro d\u011bti po onkologick\u00e9 l\u00e9\u010db\u011b.<\/p>\n<p style=\"text-align: justify;\">Je p\u0159ed n\u00e1mi ro\u010dn\u00edk \u010d\u00edslo osm. Cel\u00fd projekt se i letos bude skl\u00e1dat z v\u00edce akc\u00ed.<\/p>\n<p style=\"text-align: justify;\">T\u011b\u017ek\u00fd outdoorov\u00fd Zimn\u00ed sen je ji\u017e za n\u00e1mi, 24 hodinov\u00e1 \u0161tafeta n\u00e1s \u010dek\u00e1 v b\u0159eznu.<\/p>\n<p style=\"text-align: justify;\">St\u00e1le hled\u00e1me sponzory pro tuto akci. V\u011b\u0159\u00edme, \u017ee n\u00e1m pom\u016f\u017eete i letos formou, kter\u00e1 je pro V\u00e1s nejp\u0159ijateln\u011bj\u0161\u00ed. P\u0159\u00edmou \u00fa\u010dast\u00ed na \u0161tafet\u011b, \u010di n\u011bkter\u00e9 z na\u0161ich akc\u00ed. Pen\u011b\u017en\u00ed podporou nebo propagac\u00ed na soci\u00e1ln\u00edch s\u00edt\u00ed<\/p>\n<p style=\"text-align: justify;\">\u201eZapome\u0148 s\u00e1m na sebe, potom si t\u011b sv\u011bt bude pamatovat.\u201c<br \/>\n Jack London<\/p>\n<h3>\u00a0<\/h3>\n<h3>Rok 2021<\/h3>\n<p style=\"text-align: justify;\"><span class=\"tojvnm2t a6sixzi8 abs2jz4q a8s20v7p t1p8iaqh k5wvi7nf q3lfd5jv pk4s997a bipmatt0 cebpdrjk qowsmv63 owwhemhu dp1hu0rb dhp61c6y iyyx5f41\">Sedmy\u0301 roc\u030cni\u0301k\u2026nic kulate\u0301ho, ale jak n\u00e1m numerologie napov\u00edd\u00e1, bude se jednat o s\u030ct\u030castny\u0301 ro\u010dn\u00edk, a\u010d v pone\u030ckud nes\u030ct\u030castne\u0301 dobe\u030c. <\/span><\/p>\n<p style=\"text-align: justify;\"><span class=\"tojvnm2t a6sixzi8 abs2jz4q a8s20v7p t1p8iaqh k5wvi7nf q3lfd5jv pk4s997a bipmatt0 cebpdrjk qowsmv63 owwhemhu dp1hu0rb dhp61c6y iyyx5f41\">Ve\u030cts\u030cinou zde na u\u0301vod pi\u0301s\u030ci o nutne\u0301 pomoci de\u030ctem a jejich rodina\u0301m po onkologicke\u0301 le\u0301c\u030cbe\u030c. Letos u\u0301vod trochu pr\u030ceformuluji. Pojd\u030cme pomoci tam, kde uz\u030c ve\u030cdi\u0301, z\u030ce jsme s nimi a z\u030ce jim \u201ekryjeme za\u0301da\u201c. Stac\u030ci\u0301, kdyz\u030c se ohle\u0301dnou a vi\u0301, z\u030ce vs\u030cichni z 1000 mil pro jeden ci\u0301l jsou s nimi za jedno v u\u0301sili\u0301 pr\u030cevzi\u0301t alespon\u030c kousi\u0301c\u030cek onoho te\u030cz\u030cko pojmenovatelne\u0301ho br\u030cemene. Chceme ubezpec\u030cit vs\u030cechny v n.f. de\u030ctske\u0301 onkologie Krtek, z\u030ce i tento rok se v ZOO Brno objevi\u0301 pod vrcholem vlajka s\u030ctafety 1000 mil pro jeden ci\u0301l! <\/span><\/p>\n<p style=\"text-align: justify;\"><span class=\"tojvnm2t a6sixzi8 abs2jz4q a8s20v7p t1p8iaqh k5wvi7nf q3lfd5jv pk4s997a bipmatt0 cebpdrjk qowsmv63 owwhemhu dp1hu0rb dhp61c6y iyyx5f41\">Ve\u030cr\u030ci\u0301me, \u017ee se i letos zapoj\u00ed v\u0161ichni ti, kter\u030ci\u0301 na\u0301m kaz\u030cdy\u0301 rok poma\u0301haji\u0301 a to jakoukoliv formou. <\/span><\/p>\n<p style=\"text-align: justify;\"><span class=\"tojvnm2t a6sixzi8 abs2jz4q a8s20v7p t1p8iaqh k5wvi7nf q3lfd5jv pk4s997a bipmatt0 cebpdrjk qowsmv63 owwhemhu dp1hu0rb dhp61c6y iyyx5f41\">Ma\u0301 to smysl! Jdeme na to!<\/span><\/p>\n<p>&nbsp;<\/p>\n<h3>Rok 2020<\/h3>\n<p style=\"text-align: justify;\">Ono se \u0159ekne, napsat \u00favod k zah\u00e1jen\u00ed \u0161est\u00e9ho ro\u010dn\u00edku projektu 1000 mil pro jeden c\u00edl, ale tak jednoduch\u00e9 to nen\u00ed.<\/p>\n<p style=\"text-align: justify;\">Co je na n\u011bm tak \u00fa\u017easn\u00e9ho? Pomoc onkologicky l\u00e9\u010den\u00fdm d\u011btem a jejich rodin\u00e1m ve chv\u00edli nejpot\u0159ebn\u011bj\u0161\u00ed? Za\u017e\u00edt nev\u0161edn\u00ed dobrodru\u017estv\u00ed? Neplou\u017eit se s davem? O\u0161ahat si sv\u00e9 limity, jak psychick\u00e9 tak fyzick\u00e9? St\u00e1t se sou\u010d\u00e1st\u00ed n\u011b\u010deho zvl\u00e1\u0161tn\u00edho? \u00da\u010dast na nejdel\u0161\u00ed kontinent\u00e1ln\u00ed \u0161tafet\u011b? Emoce a adrenalin?<\/p>\n<p style=\"text-align: justify;\">N\u00e1m co jsme zde od za\u010d\u00e1tku je v\u0161e jasn\u00e9, ale proto\u017ee na\u0161i partne\u0159i ve \u0161tafet\u011b st\u00e1rnou 7x rychleji ne\u017e my, pot\u0159ebujeme novou krev a doplnit \u00faseky. Pro n\u00e1s po\u0159adatele je to nav\u00edc setk\u00e1n\u00ed s d\u011btmi na t\u00e1bo\u0159e v Milovech po kter\u00e9m nen\u00ed mo\u017en\u00e9 nic jin\u00e9ho, ne\u017e podstoupit tu torturu a 8 dn\u00ed po\u0159\u00e1dn\u011b nespat. Za p\u011bt minul\u00fdch let n\u00e1s dostalo nes\u010detn\u011b p\u0159\u00edb\u011bh\u016f a proto v\u00edme :<\/p>\n<p style=\"text-align: justify;\">&#8222;Tahle \u0161tafeta se nevzd\u00e1v\u00e1!&#8220;<\/p>\n<p style=\"text-align: justify;\"><strong>Edit:<\/strong>\u00a0I p\u0159es ve\u0161ker\u00e9 peripetie v roce 2020 se poda\u0159ilo \u00fasp\u011b\u0161n\u011b dokon\u010dit projekt s rekordn\u00edm v\u00fdsledkem <strong>250 000,-<\/strong>\u00a0a st\u00e1le p\u0159ekon\u00e1v\u00e1 ve\u0161ker\u00e1 na\u0161e o\u010dek\u00e1v\u00e1n\u00ed. D\u011bkujeme v\u0161em kte\u0159\u00ed se na tomto po\u010dinu pod\u00edleli.<\/p>\n<h3>Rok 2019<\/h3>\n<p style=\"text-align: justify;\">1000 mil pro jeden c\u00edl je projekt organizovan\u00fd na \u00fazem\u00ed \u010cesk\u00e9 republiky s c\u00edlem roz\u0161\u00ed\u0159it pov\u011bdom\u00ed o <a href=\"http:\/\/www.krtek-nf.cz\/\" target=\"_blank\"><strong>Nada\u010dn\u00edm fondu d\u011btsk\u00e9 onkologie KRTEK<\/strong><\/a>, kter\u00e9mu finan\u010dn\u011b p\u0159isp\u00edv\u00e1me p\u0159i pomoci n\u00e1vratu d\u011btsk\u00fdch pacient\u016f po onkologick\u00e9 l\u00e9\u010db\u011b zp\u011bt do b\u011b\u017en\u00e9ho \u017eivota, prost\u0159ednictv\u00edm rekondi\u010dn\u00edch pohybov\u00fdch pobyt\u016f.<\/p>\n<p style=\"text-align: justify;\">Z\u00e1rove\u0148, jako vedlej\u0161\u00ed efekt, je na\u0161\u00ed snahou tak\u00e9 propagace kynologick\u00fdch outdoorov\u00fdch sport\u016f, p\u0159edev\u0161\u00edm ve spojitosti s\u00a0na\u0161imi n\u00e1rodn\u00edmi ps\u00edmi plemeny.<\/p>\n<h3>Rok 2018<\/h3>\n<p>1000 mil pro jeden c\u00edl zaznamenal v tomto roce v\u00fdraznou zm\u011bnu tras. Startovali jsme p\u0159\u00edmo z\u00a0rekondi\u010dn\u00edho t\u00e1bora pro d\u011bti po onkologick\u00e9 l\u00e9\u010db\u011b v\u00a0Milovech. Tento t\u00e1bor organizuje n.f. KRTEK a my tam p\u0159ijedeme zpest\u0159it program. D\u011bti se z\u00fa\u010dastnili i na\u00a0slavnostn\u00edm startu nejdel\u0161\u00ed kontinent\u00e1ln\u00ed \u0161tafety kynologick\u00fdch hl\u00eddek.\u00a0<\/p>\n<p>Ruku v ruce s touto zm\u011bnou \u0161la i zm\u011bna slovensk\u00e9 trasy &#8211; z\u016fstala pouze jedna etapa, v\u011bnovan\u00e1 jako pocta panu Ros\u00edkovi, kter\u00e1 zaj\u00ed\u017ed\u011bla n\u011bkolik symbolick\u00fdch kilometr\u016f na Slovensko.<\/p>\n<p>V\u00fdsledek\u00a0<strong>152 256,-<\/strong>\u00a0p\u0159ed\u010dil ve\u0161ker\u00e1 na\u0161e o\u010dek\u00e1v\u00e1n\u00ed.<\/p>\n<h3>Rok 2017<\/h3>\n<p>Ka\u017ed\u00fd za\u017eil ten pocit doj\u00edt do c\u00edle. V\u00a0roce 2017 jsme pochopili, \u017ee do c\u00edle jsme nedo\u0161li, jen jsme ukon\u010dili jednu etapu. \u010cek\u00e1 n\u00e1s je\u0161t\u011b dlouh\u00e1 cesta a ta cesta po tom, co jsme vid\u011bli a za\u017eili s\u00a0Nada\u010dn\u00edm Fondem Krtek, by nem\u011bla kon\u010dit. Kolik bude m\u00edt etap a kolik rok\u016f bude trvat nev\u00edme. Asi a\u017e vym\u0159ou tul\u00e1ci po hv\u011bzd\u00e1ch, v\u00a0hospod\u011b dojde rum a chc\u00edpne posledn\u00ed pes.<br \/>\n Co je tedy jist\u00e9?\u00a0 V tomto roce se\u00a0n\u00e1m poda\u0159ilo vyzb\u00edrat kr\u00e1sn\u00fdch\u00a0<strong>106 622,-<\/strong><\/p>\n<h3>Rok 2016<\/h3>\n<p>P\u0159i\u0161el dal\u0161\u00ed ro\u010dn\u00edk, 2016, zm\u011bna trasy a organizace. Jeden 40 \u010dlenn\u00fd t\u00fdm tvo\u0159\u00ed psovodi, kte\u0159\u00ed povedou n\u00e1rodn\u00ed plemena ps\u016f, a v\u00a0druh\u00e9m t\u00fdmu b\u011b\u017e\u00ed \u010di jede t\u00fdm zbytku sv\u011bta (ostatn\u00ed plemena).\u00a0Napl\u00e1nov\u00e1no je 25 etap na kole, 9 na kolob\u011b\u017ece a 6 b\u011b\u017eeck\u00fdch (chodeck\u00fdch).<\/p>\n<p>Do projektu byly d\u00e1le zapojeny i dal\u0161\u00ed aktivity spolku \u2013 <a href=\"https:\/\/sk-csv.cz\/zimni-sen\/\" target=\"_blank\">Bloodywalk\u2013Zimn\u00ed sen<\/a>, <a href=\"https:\/\/sk-csv.cz\/bloody-walk-over-krkonose\/\" target=\"_blank\">Bloodywalk adventure<\/a>, <a href=\"http:\/\/www.tatoplaneta.eu\/\" target=\"_blank\">Tato Planeta<\/a>, <a href=\"https:\/\/sk-csv.cz\/remember\/\">Remember<\/a>.<\/p>\n<p>V\u00fdsledek <strong>120\u00a0295,-<\/strong> p\u0159ed\u010dil ve\u0161ker\u00e1 na\u0161e o\u010dek\u00e1v\u00e1n\u00ed.<\/p>\n<h3 style=\"text-align: justify;\">Rok 2015<\/h3>\n<p style=\"text-align: justify;\">Nult\u00fd ro\u010dn\u00edk projektu 1000mil pro jeden c\u00edl se uskute\u010dnil na podzim roku 2015, kdy autora my\u0161lenky inspiroval p\u0159\u00edb\u011bh z roku 1925 o \u0161tafetov\u00e9m b\u011bhu ps\u00edch sp\u0159e\u017een\u00ed na pomoc od\u0159\u00edznut\u00e9 vesnici na Alja\u0161ce. Z\u00e1kladn\u00ed koncept m\u011bl autor\u00a0vymy\u0161len\u00fd hned \u2013 40 \u010deskoslovensk\u00fdch vl\u010d\u00e1k\u016f\u00a0se 40 psovody pob\u011b\u017e\u00ed, pojede, poplave, polet\u00ed,\u00a0zkr\u00e1tka absolvuje jak\u00fdmkoliv zp\u016fsobem podle\u00a0vlastn\u00edho uv\u00e1\u017een\u00ed 40km \u00fasek \u0161tafety. Po rychl\u00e9m\u00a0matematick\u00e9m propo\u010dtu to vych\u00e1z\u00ed na 1600 km\u00a0za 7 dn\u00ed. Tedy rovn\u00fdch 1000 mil.<\/p>\n<p style=\"text-align: justify;\">Nikdo z\u00a0tehdej\u0161\u00edch organiz\u00e1tor\u016f netu\u0161il, do \u010deho vlastn\u011b jdeme. P\u0159esto jsme dovezli do c\u00edle \u0161tafety <strong>60\u00a0001,-<\/strong> pro podporu d\u011bt\u00ed.<\/p>\n<h3 style=\"text-align: justify;\">\u00a0<\/h3>\n<h3 style=\"text-align: justify;\">\u00a0<\/h3>\n<p>&nbsp;<\/p>\n<blockquote>\n<p style=\"text-align: justify;\">Ka\u017ed\u00fd si chce splnit sv\u00e9 sny. Mnoh\u00e9 z n\u00e1s oslovily p\u0159\u00edb\u011bhy Jacka Londona, \u010detli jsme o z\u00e1vodech ps\u00edch sp\u0159e\u017een\u00ed, o vl\u010d\u00e1kovi Kazanovi. Hus\u00ed k\u016f\u017ei jsem m\u011bl po zji\u0161t\u011bn\u00ed, \u017ee p\u0159\u00edb\u011bh z roku 1925 o \u0161tafetov\u00e9m b\u011bhu ps\u00edch sp\u0159e\u017een\u00ed na pomoc od\u0159\u00edznut\u00e9 vesnici je pravdiv\u00fd. Na\u0161t\u011bst\u00ed epidemie z\u00e1\u0161krtu nehroz\u00ed. O\u010dkovac\u00ed s\u00e9rum nen\u00ed t\u0159eba nikam v\u00e9zt a nejsme na Alja\u0161ce. Podobnost s t\u011bmito vzory je na\u0161e ps\u00ed p\u0159\u00e1telstv\u00ed a snaha pomoci tam, kde je pot\u0159eba. Vlastn\u00edme n\u00e1rodn\u00ed plemeno ps\u016f, jeho\u017e hlavn\u00ed p\u0159ednost\u00ed je vytrvalost, rychl\u00e1 regenerace sil a oddanost vlastn\u00ed sme\u010dce. Z\u00e1kladn\u00ed podm\u00ednka j\u00edt dobrodru\u017estv\u00ed vst\u0159\u00edc je tedy spln\u011bna.<\/p>\n<\/blockquote>\n<p style=\"text-align: justify;\"><a href=\"http:\/\/www.krtek-nf.cz\/\" target=\"_blank\"><img loading=\"lazy\" decoding=\"async\" class=\"wp-image-84 size-medium aligncenter\" src=\"http:\/\/www.1000mil.eu\/wp-content\/uploads\/2015\/03\/krtek-fin-kopie-300x131.jpg\" alt=\"krtek-fin-kopie\" width=\"300\" height=\"131\" srcset=\"https:\/\/1000mil.eu\/wp-content\/uploads\/2015\/03\/krtek-fin-kopie-300x131.jpg 300w, https:\/\/1000mil.eu\/wp-content\/uploads\/2015\/03\/krtek-fin-kopie-1024x446.jpg 1024w, https:\/\/1000mil.eu\/wp-content\/uploads\/2015\/03\/krtek-fin-kopie-220x96.jpg 220w, https:\/\/1000mil.eu\/wp-content\/uploads\/2015\/03\/krtek-fin-kopie.jpg 1280w\" sizes=\"auto, (max-width: 300px) 100vw, 300px\" \/><\/a><\/p>\n","protected":false},"excerpt":{"rendered":"<p>O PROJEKTU 1000 MIL PRO JEDEN C\u00cdL Autorem cel\u00e9 my\u0161lenky je zakl\u00e1daj\u00edc\u00ed \u010dlen SK \u010cSV &amp; spol. z.s., kter\u00e9ho inspiroval p\u0159\u00edb\u011bh z roku 1925 o \u0161tafetov\u00e9m b\u011bhu ps\u00edch sp\u0159e\u017een\u00ed na pomoc od\u0159\u00edznut\u00e9 vesnici na Alja\u0161ce. V\u00a0dne\u0161n\u00ed dob\u011b se n\u00e1s tolik net\u00fdk\u00e1 p\u0159\u00edb\u011bh o nedostatku vakc\u00edn na z\u00e1\u0161krt, ale na\u0161e snaha se up\u00edr\u00e1 sm\u011brem k\u00a0poukazov\u00e1n\u00ed na [&hellip;]<\/p>\n","protected":false},"author":1,"featured_media":0,"parent":0,"menu_order":0,"comment_status":"closed","ping_status":"open","template":"","meta":{"footnotes":""},"class_list":["post-259","page","type-page","status-publish","hentry","has-post-thumbnail"],"jetpack_sharing_enabled":true,"_links":{"self":[{"href":"https:\/\/1000mil.eu\/index.php?rest_route=\/wp\/v2\/pages\/259","targetHints":{"allow":["GET"]}}],"collection":[{"href":"https:\/\/1000mil.eu\/index.php?rest_route=\/wp\/v2\/pages"}],"about":[{"href":"https:\/\/1000mil.eu\/index.php?rest_route=\/wp\/v2\/types\/page"}],"author":[{"embeddable":true,"href":"https:\/\/1000mil.eu\/index.php?rest_route=\/wp\/v2\/users\/1"}],"replies":[{"embeddable":true,"href":"https:\/\/1000mil.eu\/index.php?rest_route=%2Fwp%2Fv2%2Fcomments&post=259"}],"version-history":[{"count":74,"href":"https:\/\/1000mil.eu\/index.php?rest_route=\/wp\/v2\/pages\/259\/revisions"}],"predecessor-version":[{"id":3448,"href":"https:\/\/1000mil.eu\/index.php?rest_route=\/wp\/v2\/pages\/259\/revisions\/3448"}],"wp:attachment":[{"href":"https:\/\/1000mil.eu\/index.php?rest_route=%2Fwp%2Fv2%2Fmedia&parent=259"}],"curies":[{"name":"wp","href":"https:\/\/api.w.org\/{rel}","templated":true}]}}