{"id":1241,"date":"2015-04-12T17:24:25","date_gmt":"2015-04-12T17:24:25","guid":{"rendered":"http:\/\/www.1000mil.eu\/?page_id=1241"},"modified":"2022-12-31T12:09:17","modified_gmt":"2022-12-31T10:09:17","slug":"konto-pro-pomoc","status":"publish","type":"page","link":"https:\/\/1000mil.eu\/?page_id=1241","title":{"rendered":"Konto pro pomoc"},"content":{"rendered":"<h3 style=\"text-align: center;\">Stav Konta pro pomoc k 31.12.2022 za 1000mil<\/h3>\n<h3 style=\"text-align: center;\">200.003,-<\/h3>\n<h3 style=\"text-align: center;\">Celkem: 1.201.303,-<\/h3>\n<div class=\"editable\" style=\"text-align: center;\">\n<table style=\"background-color: #90cbf5;\">\n<tbody>\n<tr>\n<th colspan=\"2\" rowspan=\"1\">\n<h4 style=\"text-align: center;\"><strong>KONTO PRO POMOC<\/strong><\/h4>\n<\/th>\n<\/tr>\n<tr style=\"width: 50%;\">\n<td style=\"text-align: center; vertical-align: middle;\" colspan=\"1\" rowspan=\"1\">\n<h4 style=\"text-align: center;\"><strong>\u010cesk\u00e1 republika<\/strong><\/h4>\n<h4 style=\"text-align: center;\"><strong>Konto Nada\u010dn\u00edho fondu Krtek<\/strong><\/h4>\n<h4 style=\"text-align: center;\">\u010c\u00edslo \u00fa\u010dtu:<a href=\"https:\/\/www.kb.cz\/cs\/transparentni-ucty\/nadacni-fond-detske-onkologie-krtek-nadacni-fond\"><strong> 86-1660380277\/0100<\/strong><\/a><\/h4>\n<h4 style=\"text-align: center;\"><strong> v.s. 1000<\/strong><\/h4>\n<p><a href=\"http:\/\/www.1000mil.eu\/wp-content\/uploads\/2015\/04\/QR_krtek.png\"><img loading=\"lazy\" decoding=\"async\" class=\"aligncenter wp-image-3695 size-medium\" src=\"http:\/\/www.1000mil.eu\/wp-content\/uploads\/2015\/04\/QR_krtek-297x300.png\" alt=\"\" width=\"297\" height=\"300\" srcset=\"https:\/\/1000mil.eu\/wp-content\/uploads\/2015\/04\/QR_krtek-297x300.png 297w, https:\/\/1000mil.eu\/wp-content\/uploads\/2015\/04\/QR_krtek-95x96.png 95w, https:\/\/1000mil.eu\/wp-content\/uploads\/2015\/04\/QR_krtek.png 512w\" sizes=\"auto, (max-width: 297px) 100vw, 297px\" \/><\/a><\/td>\n<\/tr>\n<\/tbody>\n<\/table>\n<\/div>\n<h3 style=\"text-align: center;\"><\/h3>\n<div class=\"editable\" style=\"text-align: center;\"><strong>Jak odeslat DMS najdete na tomto odkazu<\/strong><\/div>\n<p><a href=\"http:\/\/www.krtek-nf.cz\/jak-pomahate\/dms\/\" target=\"_blank\" rel=\"noopener\"><img loading=\"lazy\" decoding=\"async\" class=\"aligncenter wp-image-275 size-full\" src=\"http:\/\/www.1000mil.eu\/wp-content\/uploads\/2015\/03\/vystrizek_nnn.jpg\" alt=\"vystrizek_nnn\" width=\"406\" height=\"171\" srcset=\"https:\/\/1000mil.eu\/wp-content\/uploads\/2015\/03\/vystrizek_nnn.jpg 406w, https:\/\/1000mil.eu\/wp-content\/uploads\/2015\/03\/vystrizek_nnn-300x126.jpg 300w, https:\/\/1000mil.eu\/wp-content\/uploads\/2015\/03\/vystrizek_nnn-228x96.jpg 228w\" sizes=\"auto, (max-width: 406px) 100vw, 406px\" \/><\/a><\/p>\n<h3 style=\"text-align: center;\"><\/h3>\n<p><strong>V roce 2020 byla na Konto Nada\u010dn\u00edho fondu Krtek p\u0159ips\u00e1na \u010d\u00e1stka\u00a0250 000,- K\u010c.\u00a0<\/strong><strong>Ze srdce d\u011bkujeme!<\/strong><\/p>\n<p><strong>V roce 2019 byla na Konto Nada\u010dn\u00edho fondu Krtek p\u0159ips\u00e1na \u010d\u00e1stka 155 002,- K\u010c. <\/strong><strong>Ze srdce d\u011bkujeme!<\/strong><\/p>\n<p><strong>V roce 2018 byla na Konto Nada\u010dn\u00edho fondu Krtek p\u0159ips\u00e1na \u010d\u00e1stka 151 256,- K\u010c. <\/strong><strong>Ze srdce d\u011bkujeme!<\/strong><\/p>\n<blockquote>\n<p style=\"text-align: left;\"><span style=\"font-weight: 400;\">\u010ctvrt\u00fd ro\u010dn\u00edk? To u\u017e je tradice. Vz\u00e1cn\u00e1, mo\u017en\u00e1 k\u0159ehk\u00e1, ale tradice. V b\u011bhu let minul\u00fdch se prohloubily na\u0161e vz\u00e1jemn\u00e9 kontakty a vztahy tak, \u017ee jste pro n\u00e1s nejen p\u0159\u00ednosem, ale t\u00e9m\u011b\u0159 nepostradatelnost\u00ed. N\u00e1v\u0161t\u011bva d\u011bt\u00ed na letn\u00edm t\u00e1bo\u0159e v roce 2017 byla p\u0159edvojem a letos samy d\u011bti \u010dtvrt\u00fd ro\u010dn\u00edk extr\u00e9mn\u00ed \u0161tafety se psy \u201e1 000 mil pro jeden c\u00edl\u201c odstartuj\u00ed\u2026. A o tom to je. O n\u00e1vratu d\u011bt\u00ed po l\u00e9\u010db\u011b zp\u011bt do b\u011b\u017en\u00e9ho \u017eivota, o tom jim ten n\u00e1vrat co nejv\u00edce uleh\u010dit. Jsme hrd\u00ed na to, \u017ee V\u00e1s m\u00e1me. Finan\u010dn\u00ed prost\u0159edky z\u00edskan\u00e9 od V\u00e1s nebo s Va\u0161\u00ed pomoc\u00ed pou\u017e\u00edv\u00e1me na \u00fahradu n\u00e1klad\u016f spojen\u00fdch pr\u00e1v\u011b s letn\u00edm rekondi\u010dn\u00edm a resocializa\u010dn\u00edm pobytem.<\/span><\/p>\n<p style=\"text-align: right;\"><span style=\"font-weight: 400;\">S l\u00e1skou V\u00e1\u0161 Nada\u010dn\u00ed fond d\u011btsk\u00e9 onkologie KRTEK<\/span><\/p>\n<\/blockquote>\n<p><strong>V roce 2017 byla na Konto Nada\u010dn\u00edho fondu Krtek p\u0159ips\u00e1na \u010d\u00e1stka 106 622,- K\u010c. <\/strong><strong>Ze srdce d\u011bkujeme!<\/strong><\/p>\n<p><strong>Na co byly finan\u010dn\u00ed prost\u0159edky pou\u017eity&#8230;<\/strong><\/p>\n<blockquote>\n<p style=\"text-align: left;\">S radost\u00ed a s vd\u011bkem v\u00edt\u00e1me t\u0159et\u00ed ro\u010dn\u00edk extr\u00e9mn\u00ed \u0161tafety &#8222;1 000 mil pro jeden c\u00edl&#8220;. Je n\u00e1m ct\u00ed spolupracovat s odhodlan\u00fdmi a empatick\u00fdmi lidmi, kter\u00fdm nen\u00ed lhostejn\u00fd osud t\u011b\u017ece nemocn\u00fdch d\u011bt\u00ed a jejich rodin. V\u011b\u0159\u00edme, \u017ee, stejn\u011b jako v minul\u00fdch dvou letech, bude z\u00e1zra\u010dn\u00e9 &#8222;s\u00e9rum pomoci a podpory&#8220; doru\u010deno na to spr\u00e1vn\u00e9 m\u00edsto vzd\u00e1len\u00e9 1 000 mil.<\/p>\n<p style=\"text-align: right;\">S pod\u011bkov\u00e1n\u00edm<\/p>\n<p style=\"text-align: right;\">Irena Korvasov\u00e1 \u010c\u00e1nsk\u00e1 za Nada\u010dn\u00ed fond d\u011btsk\u00e9 onkologie KRTEK<\/p>\n<p style=\"text-align: right;\">\n<\/blockquote>\n<p><strong>V roce 2016 byla na Konto Nada\u010dn\u00edho fondu Krtek p\u0159ips\u00e1na \u010d\u00e1stka 120 295,- K\u010c. <\/strong><strong>Ze srdce d\u011bkujeme!<\/strong><\/p>\n<p><strong>Na co byly finan\u010dn\u00ed prost\u0159edky pou\u017eity&#8230;<\/strong><\/p>\n<blockquote>\n<p style=\"text-align: left;\">\u010c\u00e1stku, kterou pro n\u00e1\u0161 nada\u010dn\u00ed fond z\u00edsk\u00e1me, bychom cht\u011bli pou\u017e\u00edt na \u00fahradu n\u00e1klad\u016f spojen\u00fdch s na\u0161\u00edm intern\u00edm projektem <strong>Krtek in mou\u0161n<\/strong>. Jde o projekt pro Krte\u010d\u010d\u00ed teenagery. Oddechov\u00e9 v\u00edkendy v \u010cesk\u00e9 republice a v\u00fdlety za pozn\u00e1n\u00edm evropsk\u00fdch zem\u00ed jsou p\u0159ipravov\u00e1ny tak, aby se jich mohly \u00fa\u010dastnit i d\u011bti, kter\u00fdm jako n\u00e1sledek onkologick\u00e9 l\u00e9\u010dby zkomplikoval \u017eivot fyzick\u00fd handicap. Prob\u00edhaj\u00ed za \u00fa\u010dasti zdravotn\u00ed sestry a l\u00e9ka\u0159e.<\/p>\n<p style=\"text-align: left;\">C\u00edlem tohoto na\u0161eho intern\u00edho projektu je po v\u0161ech str\u00e1nk\u00e1ch podpo\u0159it psychicky nejzraniteln\u011bj\u0161\u00ed onkologicky l\u00e9\u010den\u00e9 pacienty ve v\u011bku od 13 do 20 let, kte\u0159\u00ed si ji\u017e pln\u011b uv\u011bdomuj\u00ed z\u00e1va\u017enost sv\u00e9ho onemocn\u011bn\u00ed, aby na\u010derpali s\u00edlu a optimismus do dal\u0161\u00edho \u017eivota prost\u0159ednictv\u00edm vz\u00e1jemn\u00fdch kontakt\u016f a spole\u010dn\u00fdch z\u00e1\u017eitk\u016f.<\/p>\n<p style=\"text-align: right;\">S pod\u011bkov\u00e1n\u00edm<\/p>\n<p style=\"text-align: right;\">Irena Korvasov\u00e1 \u010c\u00e1nsk\u00e1 za Nada\u010dn\u00ed fond d\u011btsk\u00e9 onkologie KRTEK<\/p>\n<p style=\"text-align: right;\">\n<\/blockquote>\n<p style=\"text-align: left;\"><strong>V roce 2015 byla na Konto Nada\u010dn\u00edho fondu Krtek p\u0159ips\u00e1na \u010d\u00e1stka 60001,- K\u010c \/ 2 218,64 EUR. <\/strong><strong>Ze srdce d\u011bkujeme!<\/strong><\/p>\n<p><strong>Na co byly finan\u010dn\u00ed prost\u0159edky pou\u017eity&#8230;<\/strong><\/p>\n<blockquote>\n<p style=\"text-align: left;\">Nada\u010dn\u00ed fond ji\u017e t\u0159i roky \u00fazce spolupracuje se slovensk\u00fdm partnerem Radou ml\u00e1de\u017ee \u017dilinsk\u00e9ho kraje. Vz\u00e1jemn\u00e1 spolupr\u00e1ce byla zah\u00e1jena d\u00edky dota\u010dn\u00edmu projektu EU z programu p\u0159eshrani\u010dn\u00ed spolupr\u00e1ce mezi \u010ceskou a Slovenskou republikou s n\u00e1zvem &#8222;Krtek v s\u00edti&#8220;. P\u016fvodn\u00ed spolupr\u00e1ce p\u0159erostla v p\u0159\u00e1telstv\u00ed a spole\u010dn\u00fd z\u00e1jem i nad\u00e1le podporovat onkologicky nemocn\u00e9 d\u011bti a jejich rodiny.<\/p>\n<p style=\"text-align: left;\">Nada\u010dn\u00ed fond ji\u017e t\u0159i roky \u00fazce spolupracuje se slovensk\u00fdm partnerem Radou ml\u00e1de\u017ee \u017dilinsk\u00e9ho kraje. Vz\u00e1jemn\u00e1 spolupr\u00e1ce byla zah\u00e1jena d\u00edky dota\u010dn\u00edmu projektu EU z programu p\u0159eshrani\u010dn\u00ed spolupr\u00e1ce mezi \u010ceskou a Slovenskou republikou s n\u00e1zvem &#8222;Krtek v s\u00edti&#8220;. P\u016fvodn\u00ed spolupr\u00e1ce p\u0159erostla v p\u0159\u00e1telstv\u00ed a spole\u010dn\u00fd z\u00e1jem i nad\u00e1le podporovat onkologicky nemocn\u00e9 d\u011bti a jejich rodiny.<\/p>\n<p style=\"text-align: left;\">Pr\u00e1v\u011b z d\u016fvodu spole\u010dn\u00e9, mezin\u00e1rodn\u00ed, spolupr\u00e1ce uv\u00edtal nada\u010dn\u00ed fond nab\u00eddku \u00fa\u010dasti v projektu &#8222;1000 mil pro jeden c\u00edl&#8220;. Ve\u0161ker\u00fd v\u00fdt\u011b\u017eek z t\u00e9to veskrze &#8222;lidsk\u00e9&#8220; akce, z tohoto projevu p\u0159\u00e1telstv\u00ed \u010dlov\u011bka a psa, bude pou\u017eit pro &#8222;\u010dlov\u011b\u010d\u00ed&#8220; ml\u00e1\u010fata, kter\u00e1 byla na sv\u00e9 cest\u011b zasko\u010dena v\u00e1\u017enou nemoc\u00ed. Bude pou\u017eit pro podporu n\u00e1vratu d\u011btsk\u00fdch pacient\u016f po n\u00e1ro\u010dn\u00e9 onkologick\u00e9 l\u00e9\u010db\u011b zp\u011bt do b\u011b\u017en\u00e9ho \u017eivota, prost\u0159ednictv\u00edm vz\u00e1jemn\u00e9ho kontaktu d\u011bt\u00ed na pobytov\u00fdch akc\u00edch organizovan\u00fdch Nada\u010dn\u00edm fondem d\u011btsk\u00e9 onkologie KRTEK a Radou ml\u00e1de\u017ee \u017dilinsk\u00e9ho kraje pro onkologicky l\u00e9\u010den\u00e9 d\u011bti z \u010cesk\u00e9 i Slovensk\u00e9 republiky.<\/p>\n<p style=\"text-align: left;\">Pr\u00e1v\u011b z d\u016fvodu spole\u010dn\u00e9, mezin\u00e1rodn\u00ed, spolupr\u00e1ce uv\u00edtal nada\u010dn\u00ed fond nab\u00eddku \u00fa\u010dasti v projektu &#8222;1000 mil pro jeden c\u00edl&#8220;. Ve\u0161ker\u00fd v\u00fdt\u011b\u017eek z t\u00e9to veskrze &#8222;lidsk\u00e9&#8220; akce, z tohoto projevu p\u0159\u00e1telstv\u00ed \u010dlov\u011bka a psa, bude pou\u017eit pro &#8222;\u010dlov\u011b\u010d\u00ed&#8220; ml\u00e1\u010fata, kter\u00e1 byla na sv\u00e9 cest\u011b zasko\u010dena v\u00e1\u017enou nemoc\u00ed. Bude pou\u017eit pro podporu n\u00e1vratu d\u011btsk\u00fdch pacient\u016f po n\u00e1ro\u010dn\u00e9 onkologick\u00e9 l\u00e9\u010db\u011b zp\u011bt do b\u011b\u017en\u00e9ho \u017eivota, prost\u0159ednictv\u00edm vz\u00e1jemn\u00e9ho kontaktu d\u011bt\u00ed na pobytov\u00fdch akc\u00edch organizovan\u00fdch Nada\u010dn\u00edm fondem d\u011btsk\u00e9 onkologie KRTEK a Radou ml\u00e1de\u017ee \u017dilinsk\u00e9ho kraje pro onkologicky l\u00e9\u010den\u00e9 d\u011bti z \u010cesk\u00e9 i Slovensk\u00e9 republiky.<\/p>\n<p style=\"text-align: right;\">JUDr. Irena Korvasov\u00e1 v\u00fdkonn\u00e1 \u0159editelka n.f. Krtek<\/p>\n<\/blockquote>\n","protected":false},"excerpt":{"rendered":"<p>Stav Konta pro pomoc k 31.12.2022 za 1000mil 200.003,- Celkem: 1.201.303,- KONTO PRO POMOC \u010cesk\u00e1 republika Konto Nada\u010dn\u00edho fondu Krtek \u010c\u00edslo \u00fa\u010dtu: 86-1660380277\/0100 v.s. 1000 Jak odeslat DMS najdete na tomto odkazu V roce 2020 byla na Konto Nada\u010dn\u00edho fondu Krtek p\u0159ips\u00e1na \u010d\u00e1stka\u00a0250 000,- K\u010c.\u00a0Ze srdce d\u011bkujeme! V roce 2019 byla na Konto Nada\u010dn\u00edho fondu [&hellip;]<\/p>\n","protected":false},"author":1,"featured_media":0,"parent":0,"menu_order":0,"comment_status":"closed","ping_status":"open","template":"","meta":{"footnotes":""},"class_list":["post-1241","page","type-page","status-publish","hentry","has-post-thumbnail"],"jetpack_sharing_enabled":true,"_links":{"self":[{"href":"https:\/\/1000mil.eu\/index.php?rest_route=\/wp\/v2\/pages\/1241","targetHints":{"allow":["GET"]}}],"collection":[{"href":"https:\/\/1000mil.eu\/index.php?rest_route=\/wp\/v2\/pages"}],"about":[{"href":"https:\/\/1000mil.eu\/index.php?rest_route=\/wp\/v2\/types\/page"}],"author":[{"embeddable":true,"href":"https:\/\/1000mil.eu\/index.php?rest_route=\/wp\/v2\/users\/1"}],"replies":[{"embeddable":true,"href":"https:\/\/1000mil.eu\/index.php?rest_route=%2Fwp%2Fv2%2Fcomments&post=1241"}],"version-history":[{"count":337,"href":"https:\/\/1000mil.eu\/index.php?rest_route=\/wp\/v2\/pages\/1241\/revisions"}],"predecessor-version":[{"id":3727,"href":"https:\/\/1000mil.eu\/index.php?rest_route=\/wp\/v2\/pages\/1241\/revisions\/3727"}],"wp:attachment":[{"href":"https:\/\/1000mil.eu\/index.php?rest_route=%2Fwp%2Fv2%2Fmedia&parent=1241"}],"curies":[{"name":"wp","href":"https:\/\/api.w.org\/{rel}","templated":true}]}}